{"id":108,"date":"2025-11-29T21:45:12","date_gmt":"2025-11-29T20:45:12","guid":{"rendered":"https:\/\/w8ejzl6f7ya59jnl7vnre8.web1.dss-net.de\/?page_id=108"},"modified":"2026-04-03T17:41:54","modified_gmt":"2026-04-03T15:41:54","slug":"einladung","status":"publish","type":"page","link":"https:\/\/wb-lehnsstiftung.de\/de\/ueber-uns\/einladung\/","title":{"rendered":"Einladung"},"content":{"rendered":"\n<h2 class=\"wp-block-heading\">Familientreffen 2025 -Ein voller Erfolg<\/h2>\n\n\n\n<p>Allen Teilnehmenden Familienmitglieder einen gro\u00dfen Dank.<\/p>\n\n\n\n<p>Das Wetter hat alles gegeben und es war ein voller Erfog.<\/p>\n\n\n\n<p>Wir, der Vorstand der Familie, hoffen dass es noch viele solcher Event gibt und wir weiter dass &#8220;wir&#8221; Gef\u00fchl leben k\u00f6nnen.<\/p>\n\n\n\n<p>F\u00fcr Fragen und Anregungen benutzt bitte unsere Mail Adresse: info@wb-lehnsstiftung.de<\/p>\n\n\n\n<p>Bilder von der Veranstaltung findet Ihr im gesch\u00fctztem Bereich.<\/p>\n\n\n\n<p><\/p>\n","protected":false},"excerpt":{"rendered":"<p>Familientreffen 2025 -Ein voller Erfolg Allen Teilnehmenden Familienmitglieder einen gro\u00dfen Dank. Das Wetter hat alles gegeben und es war ein voller Erfog. Wir, der Vorstand der Familie, hoffen dass es noch viele solcher Event gibt und wir weiter dass &#8220;wir&#8221; Gef\u00fchl leben k\u00f6nnen. F\u00fcr Fragen und Anregungen benutzt bitte unsere Mail Adresse: info@wb-lehnsstiftung.de Bilder von [&hellip;]<\/p>\n","protected":false},"author":1,"featured_media":0,"parent":19,"menu_order":0,"comment_status":"closed","ping_status":"closed","template":"","meta":{"footnotes":""},"class_list":["post-108","page","type-page","status-publish","hentry"],"aioseo_notices":[],"_links":{"self":[{"href":"https:\/\/wb-lehnsstiftung.de\/de\/wp-json\/wp\/v2\/pages\/108","targetHints":{"allow":["GET"]}}],"collection":[{"href":"https:\/\/wb-lehnsstiftung.de\/de\/wp-json\/wp\/v2\/pages"}],"about":[{"href":"https:\/\/wb-lehnsstiftung.de\/de\/wp-json\/wp\/v2\/types\/page"}],"author":[{"embeddable":true,"href":"https:\/\/wb-lehnsstiftung.de\/de\/wp-json\/wp\/v2\/users\/1"}],"replies":[{"embeddable":true,"href":"https:\/\/wb-lehnsstiftung.de\/de\/wp-json\/wp\/v2\/comments?post=108"}],"version-history":[{"count":3,"href":"https:\/\/wb-lehnsstiftung.de\/de\/wp-json\/wp\/v2\/pages\/108\/revisions"}],"predecessor-version":[{"id":343,"href":"https:\/\/wb-lehnsstiftung.de\/de\/wp-json\/wp\/v2\/pages\/108\/revisions\/343"}],"up":[{"embeddable":true,"href":"https:\/\/wb-lehnsstiftung.de\/de\/wp-json\/wp\/v2\/pages\/19"}],"wp:attachment":[{"href":"https:\/\/wb-lehnsstiftung.de\/de\/wp-json\/wp\/v2\/media?parent=108"}],"curies":[{"name":"wp","href":"https:\/\/api.w.org\/{rel}","templated":true}]}}