{"id":128,"date":"2025-11-29T21:50:36","date_gmt":"2025-11-29T20:50:36","guid":{"rendered":"https:\/\/w8ejzl6f7ya59jnl7vnre8.web1.dss-net.de\/?page_id=128"},"modified":"2026-04-03T18:01:15","modified_gmt":"2026-04-03T16:01:15","slug":"impressum","status":"publish","type":"page","link":"https:\/\/wb-lehnsstiftung.de\/de\/impressum\/","title":{"rendered":"Impressum"},"content":{"rendered":"\n<p>Verantwortlich f\u00fcr diese Seiten i. S. d. 6 TDG \/ 6 MDStV:<\/p>\n\n\n\n<p>Wulhase-Bussesche Lehensstiftung von 1401 zu L\u00fcchow<br>Vertreten durch:<\/p>\n\n\n\n<p>Senior: Thomas Enderstein<br>Sub-Seniorin: Christine Hartmann<br><\/p>\n\n\n\n<p><strong>Verantwortlicher f\u00fcr den Datenschutz:<\/strong><\/p>\n\n\n\n<p>Externer Datenschutzbeauftragter<\/p>\n\n\n\n<p>Jens Hausmann<\/p>\n\n\n\n<p>E-Mail: <a href=\"mailto:Hausmann@maz-dsb.net\">Hausmann@maz-dsb.net<\/a><br><\/p>\n\n\n\n<p><strong>Webmaster<\/strong>:<\/p>\n\n\n\n<p>Digital Services Stephan<\/p>\n\n\n\n<p>E-Mail: info@dss-net.de<\/p>\n\n\n\n<p>Internet:\u00a0<a href=\"https:\/\/dss-net.de\/de\/\" target=\"_blank\" rel=\"noreferrer noopener\">dss-net.de<\/a><\/p>\n\n\n\n<p>Haftungshinweis:<br>Trotz sorgf\u00e4ltiger inhaltlicher Kontrolle \u00fcbernehmen wir keine Haftung f\u00fcr die Inhalte externer Links.<br>F\u00fcr den Inhalt der verlinkten Seiten sind ausschlie\u00dflich deren Betreiber verantwortlich.<\/p>\n","protected":false},"excerpt":{"rendered":"<p>Verantwortlich f\u00fcr diese Seiten i. S. d. 6 TDG \/ 6 MDStV: Wulhase-Bussesche Lehensstiftung von 1401 zu L\u00fcchowVertreten durch: Senior: Thomas EndersteinSub-Seniorin: Christine Hartmann Verantwortlicher f\u00fcr den Datenschutz: Externer Datenschutzbeauftragter Jens Hausmann E-Mail: Hausmann@maz-dsb.net Webmaster: Digital Services Stephan E-Mail: info@dss-net.de Internet:\u00a0dss-net.de Haftungshinweis:Trotz sorgf\u00e4ltiger inhaltlicher Kontrolle \u00fcbernehmen wir keine Haftung f\u00fcr die Inhalte externer Links.F\u00fcr den [&hellip;]<\/p>\n","protected":false},"author":1,"featured_media":0,"parent":0,"menu_order":0,"comment_status":"closed","ping_status":"closed","template":"","meta":{"footnotes":""},"class_list":["post-128","page","type-page","status-publish","hentry"],"aioseo_notices":[],"_links":{"self":[{"href":"https:\/\/wb-lehnsstiftung.de\/de\/wp-json\/wp\/v2\/pages\/128","targetHints":{"allow":["GET"]}}],"collection":[{"href":"https:\/\/wb-lehnsstiftung.de\/de\/wp-json\/wp\/v2\/pages"}],"about":[{"href":"https:\/\/wb-lehnsstiftung.de\/de\/wp-json\/wp\/v2\/types\/page"}],"author":[{"embeddable":true,"href":"https:\/\/wb-lehnsstiftung.de\/de\/wp-json\/wp\/v2\/users\/1"}],"replies":[{"embeddable":true,"href":"https:\/\/wb-lehnsstiftung.de\/de\/wp-json\/wp\/v2\/comments?post=128"}],"version-history":[{"count":2,"href":"https:\/\/wb-lehnsstiftung.de\/de\/wp-json\/wp\/v2\/pages\/128\/revisions"}],"predecessor-version":[{"id":360,"href":"https:\/\/wb-lehnsstiftung.de\/de\/wp-json\/wp\/v2\/pages\/128\/revisions\/360"}],"wp:attachment":[{"href":"https:\/\/wb-lehnsstiftung.de\/de\/wp-json\/wp\/v2\/media?parent=128"}],"curies":[{"name":"wp","href":"https:\/\/api.w.org\/{rel}","templated":true}]}}