{"id":170,"date":"2026-04-03T14:09:05","date_gmt":"2026-04-03T12:09:05","guid":{"rendered":"https:\/\/w8ejzl6f7ya59jnl7vnre8.web1.dss-net.de\/?page_id=170"},"modified":"2026-04-03T18:24:16","modified_gmt":"2026-04-03T16:24:16","slug":"home-2","status":"publish","type":"page","link":"https:\/\/wb-lehnsstiftung.de\/de\/","title":{"rendered":"Startseite"},"content":{"rendered":"\n<div class=\"wp-block-group is-nowrap is-layout-flex wp-container-core-group-is-layout-f66f9956 wp-block-group-is-layout-flex\">\n<div class=\"wp-block-group has-global-padding is-layout-constrained wp-container-core-group-is-layout-a5945762 wp-block-group-is-layout-constrained\">\n<h3 class=\"wp-block-heading\">Familienzweige im<br>Wulhase-Busse&#8217;schen<br>Stammbuch 1834<\/h3>\n\n\n\n<p class=\"has-small-font-size\">von Arenstorf \u00b7 Bahlsen \u00b7 Bauer \u00b7 Becker \u00b7 Beckmann \u00b7 Benecke \u00b7 Bilep \u00b7 B\u00f6sche \u00b7 B\u00f6ttcher \u00b7 Brunn \u00b7 Bussenius \u00b7 Duhm \u00b7 Enderstein \u00b7 Engelbrecht \u00b7 Fischer \u00b7 Gerstell \u00b7 Grote \u00b7 Haenell \u00b7 Hartmann \u00b7 von Heinemann \u00b7Heismann \u00b7 Hindenberg \u00b7 Hirsch \u00b7 Isenbart \u00b7 Kallmeyer \u00b7 Kermann \u00b7 von dem Knesebeck \u00b7 Kr\u00f6hnke \u00b7 Kr\u00fcger \u00b7 Linke \u00b7 Martens \u00b7 M\u00fcller \u00b7 Niemitz \u00b7 Ordas \u00b7 Osterwald \u00b7 Peper \u00b7 von Possel \u00b7 von Reck \u00b7 Ritscher \u00b7 Sahling \u00b7 Schl\u00fcter \u00b7 Schneemann \u00b7 Sch\u00fclcke \u00b7 Schweinhagen \u00b7 Seip \u00b7 Stackmann \u00b7 Stadtler \u00b7 Steffens \u00b7 S\u00fclter \u00b7 Tappe \u00b7 Treder \u00b7 Voigt \u00b7 Wagner \u00b7 Weber \u00b7 Ziehen<\/p>\n<\/div>\n\n\n\n<div class=\"wp-block-group has-global-padding is-layout-constrained wp-block-group-is-layout-constrained\">\n<h2 class=\"wp-block-heading has-text-color\" style=\"color:#4a7c2f\">Aktuell: 10. &#8211; 12. Juni 2022 &#8211; Konvent und Familientreffen<\/h2>\n\n\n\n<p>Wir Danken allen Familienmitglieder die uns Ihr Vertrauen ausgesprochen haben und uns gew\u00e4hlt haben. -Thomas Enderstein, (Senior), -Christine Hartmann, (Subseniora), &#8211; und Mona Br\u00fcnger, Hartmut Nolte, Christian Mohrbutter f\u00fcr den erweiterten Vorstand.<a><\/a><\/p>\n\n\n\n<h3 class=\"wp-block-heading has-text-color\" style=\"color:#4a7c2f\">Wir laden ein<\/h3>\n\n\n\n<ul class=\"wp-block-list\">\n<li>zur aktiven Teilnahme an der Vorbereitung unseres Treffens 2025 und<\/li>\n\n\n\n<li>zur inhaltlichen Gestaltung unserer Website.<\/li>\n<\/ul>\n\n\n\n<p><\/p>\n\n\n\n<h2 class=\"wp-block-heading has-text-color\" style=\"color:#4a7c2f\">Willkommen<\/h2>\n\n\n\n<p>Wir freuen uns \u00fcber Ihr Interesse an unserer Familie. Seit mehr als 600 Jahren existiert unsere Lehnsstiftung und ist in dieser Zeit durch viele geschichtliche Wandlungen und Wirren gegangen.<\/p>\n\n\n\n<p>Unsere Website befindet sich derzeit noch im Aufbau, deshalb bitten wir um Nachsicht f\u00fcr eventuelle Unzul\u00e4nglichkeiten.<\/p>\n\n\n\n<h3 class=\"wp-block-heading has-text-color\" style=\"color:#4a7c2f\">Unsere Ziele<\/h3>\n\n\n\n<p>Die Wulhase-Busse&#8217;sche Lehnsstiftung<\/p>\n\n\n\n<ul class=\"wp-block-list\">\n<li>f\u00f6rdert den Zusammenhalt der Familie durch regelm\u00e4\u00dfige Familientreffen<\/li>\n\n\n\n<li>vernetzt die Familienmitglieder miteinander<\/li>\n\n\n\n<li>wirkt identit\u00e4tsstiftend<\/li>\n\n\n\n<li>h\u00e4lt den Kontakt zu \u201eunserer\u201c Kirche St. Johannis in L\u00fcchow<\/li>\n\n\n\n<li>f\u00f6rdert junge Studierende aus der Familie mit einem Bildungs-Stipendium<\/li>\n<\/ul>\n<\/div>\n<\/div>\n\n\n\n<p><\/p>\n","protected":false},"excerpt":{"rendered":"<p>Familienzweige imWulhase-Busse&#8217;schenStammbuch 1834 von Arenstorf \u00b7 Bahlsen \u00b7 Bauer \u00b7 Becker \u00b7 Beckmann \u00b7 Benecke \u00b7 Bilep \u00b7 B\u00f6sche \u00b7 B\u00f6ttcher \u00b7 Brunn \u00b7 Bussenius \u00b7 Duhm \u00b7 Enderstein \u00b7 Engelbrecht \u00b7 Fischer \u00b7 Gerstell \u00b7 Grote \u00b7 Haenell \u00b7 Hartmann \u00b7 von Heinemann \u00b7Heismann \u00b7 Hindenberg \u00b7 Hirsch \u00b7 Isenbart \u00b7 Kallmeyer \u00b7 Kermann [&hellip;]<\/p>\n","protected":false},"author":1,"featured_media":0,"parent":0,"menu_order":0,"comment_status":"closed","ping_status":"closed","template":"page-no-title","meta":{"footnotes":""},"class_list":["post-170","page","type-page","status-publish","hentry"],"aioseo_notices":[],"_links":{"self":[{"href":"https:\/\/wb-lehnsstiftung.de\/de\/wp-json\/wp\/v2\/pages\/170","targetHints":{"allow":["GET"]}}],"collection":[{"href":"https:\/\/wb-lehnsstiftung.de\/de\/wp-json\/wp\/v2\/pages"}],"about":[{"href":"https:\/\/wb-lehnsstiftung.de\/de\/wp-json\/wp\/v2\/types\/page"}],"author":[{"embeddable":true,"href":"https:\/\/wb-lehnsstiftung.de\/de\/wp-json\/wp\/v2\/users\/1"}],"replies":[{"embeddable":true,"href":"https:\/\/wb-lehnsstiftung.de\/de\/wp-json\/wp\/v2\/comments?post=170"}],"version-history":[{"count":11,"href":"https:\/\/wb-lehnsstiftung.de\/de\/wp-json\/wp\/v2\/pages\/170\/revisions"}],"predecessor-version":[{"id":442,"href":"https:\/\/wb-lehnsstiftung.de\/de\/wp-json\/wp\/v2\/pages\/170\/revisions\/442"}],"wp:attachment":[{"href":"https:\/\/wb-lehnsstiftung.de\/de\/wp-json\/wp\/v2\/media?parent=170"}],"curies":[{"name":"wp","href":"https:\/\/api.w.org\/{rel}","templated":true}]}}